{"id":5412,"date":"2021-03-30T14:06:47","date_gmt":"2021-03-30T14:06:47","guid":{"rendered":"https:\/\/arvad.pt\/history\/"},"modified":"2024-11-05T13:33:51","modified_gmt":"2024-11-05T13:33:51","slug":"history","status":"publish","type":"page","link":"https:\/\/arvad.pt\/en\/history\/","title":{"rendered":"History"},"content":{"rendered":"<p>[vc_row row_content_width=&#8221;grid&#8221; css=&#8221;.vc_custom_1569414181451{padding-top: 125px !important;padding-bottom: 14px !important;}&#8221;][vc_column]<div class=\"qodef-shortcode qodef-m qodef-section-title qodef-alignment--center\">\n\t\t<h2 class=\"qodef-m-title\" >\n\t\tGet to know us\t\t<\/h2>\n\t\t<p class=\"qodef-m-subtitle\" >We are a wine made of history that runs along the banks of Arade.<\/p>\n\t<\/div>[\/vc_column][\/vc_row][vc_row gap=&#8221;25&#8243; row_content_width=&#8221;grid&#8221;][vc_column css=&#8221;.vc_custom_1573571964675{padding-right: 16px !important;padding-left: 25% !important;}&#8221; offset=&#8221;vc_col-lg-6 vc_col-md-6&#8243; column_responsive_padding_680=&#8221;0 15px 0 15px&#8221; column_responsive_padding_1024=&#8221;0 16px 0 0&#8243; column_responsive_padding_768=&#8221;0 15px 0 15px&#8221;][vc_column_text]<\/p>\n<p style=\"text-align: justify;\">Arvad was born in 2016, on a property next to Arade river, overlooking Silves.<\/p>\n<p style=\"text-align: justify;\">There are fourteen hectares of land, exposed to the winds from the North, which allows great daily thermal amplitudes. A Mediterranean climate with Atlantic influence, complemented by a calcareous clay soil, in which the weight of history is combined.<\/p>\n<p style=\"text-align: justify;\">It was in this region that wine was introduced into Portuguese territory. Brought from the east by Phoenician travelers, took root in the Silves area, and through the word of exchange and discovery, became a ritual, as proof of civilization.<\/p>\n<p>[\/vc_column_text][\/vc_column][vc_column css=&#8221;.vc_custom_1573571970678{padding-right: 25% !important;padding-left: 16px !important;}&#8221; offset=&#8221;vc_col-lg-6 vc_col-md-6&#8243; column_responsive_padding_680=&#8221;30px 15px 0 15px&#8221; column_responsive_padding_1024=&#8221;0px 0 0 16px&#8221; column_responsive_padding_768=&#8221;30px 15px 0 15px&#8221;][vc_column_text]<\/p>\n<p style=\"text-align: justify;\">Arvad, once a word for \u201chaven\u201d, which today applies to the care and quality of our wines, made either from red grape varieties such as Negra Mole, Alicante Bouschet, Touriga Nacional or Cabernet Sauvignon, as well as white grape varieties, Alvarinho, Arinto and Sauvignon Blanc.<\/p>\n<p style=\"text-align: justify;\">A process under the responsibility of engineer Bernardo Cabral, an award-winning winemaker, and whose first winemaking took place in 2019.<\/p>\n<p>[\/vc_column_text][\/vc_column][\/vc_row][vc_row][vc_column][vc_empty_space height=&#8221;50px&#8221;][\/vc_column][\/vc_row][vc_row row_content_width=&#8221;grid&#8221;][vc_column css=&#8221;.vc_custom_1570452506227{padding-top: 65px !important;padding-bottom: 160px !important;}&#8221; column_responsive_padding_1024=&#8221;65px 15px 90px&#8221; column_responsive_padding_768=&#8221;65px 15px 90px&#8221; column_responsive_padding_680=&#8221;65px 15px 90px&#8221;]<div class=\"qodef-shortcode qodef-m qodef-workflow\">\n\t\n\t<div class=\"qodef-e-workflow-image\">\n\t\t<img loading=\"lazy\" decoding=\"async\" width=\"207\" height=\"157\" src=\"https:\/\/arvad.pt\/wp-content\/uploads\/2019\/08\/h4-img-1.png\" class=\"attachment-full size-full\" alt=\"d\" \/>\t<\/div>\n\t\n\t\t\t\n\t\t<div class=\"qodef-e-workflow-item\">\n\t\t\t<div class=\"qodef-e-workflow-item-inner\">\n\t\t\t\t\n\t\t\t\t<div class=\"qodef-e-workflow-text\">\n\t\t\t\t\t<p class=\"qodef-e-subtitle\">2016<\/p>\n\t\t\t\t\t<h5 class=\"qodef-e-title\">Wine Plantation<\/h5>\n\t\t\t\t\t<p class=\"qodef-e-text\">Red grape variety: Alicante Bouschet, Touriga Nacional and Cabernet Sauvignon.<br>White grape variety: Alvarinho, Arinto and Sauvignon Blanc.<\/p>\n\t\t\t\t<\/div>\n\t\t\t\n\t\t\t<\/div>\n\t\t<\/div>\n\t\t\t\n\t\t<div class=\"qodef-e-workflow-item\">\n\t\t\t<div class=\"qodef-e-workflow-item-inner\">\n\t\t\t\t\n\t\t\t\t<div class=\"qodef-e-workflow-text\">\n\t\t\t\t\t<p class=\"qodef-e-subtitle\">2019<\/p>\n\t\t\t\t\t<h5 class=\"qodef-e-title\">First Harvest<\/h5>\n\t\t\t\t\t<p class=\"qodef-e-text\">Winemaking process under the responsibility of engineer Bernardo Cabral.<\/p>\n\t\t\t\t<\/div>\n\t\t\t\n\t\t\t<\/div>\n\t\t<\/div>\n\t\n<\/div><div class=\"qodef-shortcode qodef-m qodef-workflow\">\n\t\n\t<div class=\"qodef-e-workflow-image\">\n\t\t<img loading=\"lazy\" decoding=\"async\" width=\"198\" height=\"164\" src=\"https:\/\/arvad.pt\/wp-content\/uploads\/2024\/11\/h4-img-pipes.png\" class=\"attachment-full size-full\" alt=\"\" \/>\t<\/div>\n\t\n\t\t\t\n\t\t<div class=\"qodef-e-workflow-item\">\n\t\t\t<div class=\"qodef-e-workflow-item-inner\">\n\t\t\t\t\n\t\t\t\t<div class=\"qodef-e-workflow-text\">\n\t\t\t\t\t<p class=\"qodef-e-subtitle\">2020<\/p>\n\t\t\t\t\t<h5 class=\"qodef-e-title\">White and Ros\u00e9 Wine<\/h5>\n\t\t\t\t\t<p class=\"qodef-e-text\">Launch of Arvad White and Arvad Ros\u00e9 wines.<\/p>\n\t\t\t\t<\/div>\n\t\t\t\n\t\t\t<\/div>\n\t\t<\/div>\n\t\t\t\n\t\t<div class=\"qodef-e-workflow-item\">\n\t\t\t<div class=\"qodef-e-workflow-item-inner\">\n\t\t\t\t\n\t\t\t\t<div class=\"qodef-e-workflow-text\">\n\t\t\t\t\t<p class=\"qodef-e-subtitle\">2021<\/p>\n\t\t\t\t\t<h5 class=\"qodef-e-title\">Red Wine<\/h5>\n\t\t\t\t\t<p class=\"qodef-e-text\">Launch of Arvad red wines: Negra Mole, Arvad Colheita, Touriga Nacional and Reserva.<\/p>\n\t\t\t\t<\/div>\n\t\t\t\n\t\t\t<\/div>\n\t\t<\/div>\n\t\n<\/div><div class=\"qodef-shortcode qodef-m qodef-workflow\">\n\t\n\t<div class=\"qodef-e-workflow-image\">\n\t\t<img loading=\"lazy\" decoding=\"async\" width=\"208\" height=\"187\" src=\"https:\/\/arvad.pt\/wp-content\/uploads\/2019\/08\/h4-img-2.png\" class=\"attachment-full size-full\" alt=\"d\" \/>\t<\/div>\n\t\n\t\t\t\n\t\t<div class=\"qodef-e-workflow-item\">\n\t\t\t<div class=\"qodef-e-workflow-item-inner\">\n\t\t\t\t\n\t\t\t\t<div class=\"qodef-e-workflow-text\">\n\t\t\t\t\t<p class=\"qodef-e-subtitle\">2022<\/p>\n\t\t\t\t\t<h5 class=\"qodef-e-title\">Enoturism<\/h5>\n\t\t\t\t\t<p class=\"qodef-e-text\">Inauguration of the Arvad tasting room and wine cellar, for wine tastings and events.<\/p>\n\t\t\t\t<\/div>\n\t\t\t\n\t\t\t<\/div>\n\t\t<\/div>\n\t\t\t\n\t\t<div class=\"qodef-e-workflow-item\">\n\t\t\t<div class=\"qodef-e-workflow-item-inner\">\n\t\t\t\t\n\t\t\t\t<div class=\"qodef-e-workflow-text\">\n\t\t\t\t\t<p class=\"qodef-e-subtitle\">2023<\/p>\n\t\t\t\t\t<h5 class=\"qodef-e-title\">Negra Mole Ros\u00e9<\/h5>\n\t\t\t\t\t<p class=\"qodef-e-text\">Launch of the first Negra Mole Ros\u00e9.<\/p>\n\t\t\t\t<\/div>\n\t\t\t\n\t\t\t<\/div>\n\t\t<\/div>\n\t\t\t\n\t\t<div class=\"qodef-e-workflow-item\">\n\t\t\t<div class=\"qodef-e-workflow-item-inner\">\n\t\t\t\t\n\t\t\t\t<div class=\"qodef-e-workflow-text\">\n\t\t\t\t\t<p class=\"qodef-e-subtitle\">2024<\/p>\n\t\t\t\t\t<h5 class=\"qodef-e-title\">Sparkling and Negra Mole White Wine<\/h5>\n\t\t\t\t\t<p class=\"qodef-e-text\">Launch of Brut Nature White Sparkling Wine and the first limited edition of Negra Mole White.<\/p>\n\t\t\t\t<\/div>\n\t\t\t\n\t\t\t<\/div>\n\t\t<\/div>\n\t\n<\/div>[\/vc_column][\/vc_row][vc_row row_content_width=&#8221;grid&#8221;][vc_column width=&#8221;1\/2&#8243;][\/vc_column][vc_column width=&#8221;1\/2&#8243;][\/vc_column][\/vc_row][vc_row row_content_width=&#8221;grid&#8221;][vc_column]<div class=\"qodef-shortcode qodef-m qodef-video-button\">\n\t<div class=\"qodef-m-image\">\n\t<img loading=\"lazy\" decoding=\"async\" width=\"2048\" height=\"800\" src=\"https:\/\/arvad.pt\/wp-content\/uploads\/2020\/11\/arvad-wines-algarve-37-xs.jpg\" class=\"attachment-full size-full\" alt=\"\" srcset=\"https:\/\/arvad.pt\/wp-content\/uploads\/2020\/11\/arvad-wines-algarve-37-xs.jpg 2048w, https:\/\/arvad.pt\/wp-content\/uploads\/2020\/11\/arvad-wines-algarve-37-xs-300x117.jpg 300w, https:\/\/arvad.pt\/wp-content\/uploads\/2020\/11\/arvad-wines-algarve-37-xs-600x234.jpg 600w, https:\/\/arvad.pt\/wp-content\/uploads\/2020\/11\/arvad-wines-algarve-37-xs-1024x400.jpg 1024w, https:\/\/arvad.pt\/wp-content\/uploads\/2020\/11\/arvad-wines-algarve-37-xs-768x300.jpg 768w, https:\/\/arvad.pt\/wp-content\/uploads\/2020\/11\/arvad-wines-algarve-37-xs-1536x600.jpg 1536w\" sizes=\"auto, (max-width: 2048px) 100vw, 2048px\" \/><\/div>\t\t<a itemprop=\"url\"\n\t   class=\"qodef-m-play qodef-magnific-popup qodef-popup-item\" \t   href=\"https:\/\/www.youtube.com\/watch?v=00xJj9OpOKo\" data-type=\"iframe\">\n\t\t<span class=\"qodef-m-play-inner\">\n\t\t\t<svg xmlns=\"http:\/\/www.w3.org\/2000\/svg\" xmlns:xlink=\"http:\/\/www.w3.org\/1999\/xlink\" x=\"0px\" y=\"0px\" width=\"125px\" height=\"125px\" viewBox=\"0 0 197 197\" enable-background=\"new 0 0 197 197\" xml:space=\"preserve\">\n\t\t\t\t<circle class=\"video-button-stroke\" stroke-linecap=\"round\" cx=\"98.5\" cy=\"98.6\" r=\"97.5\"><\/circle>\n\t\t\t\t<circle class=\"video-button-circle\" stroke-linecap=\"round\" cx=\"98.5\" cy=\"98.6\" r=\"95.5\"><\/circle>\n\t\t\t\t<g><path fill=\"currentColor\" d=\"M88.5,78.6l20,20l-20,20V78.6z\"><\/path><\/g>\n\t\t\t<\/svg>\n\t\t<\/span>\n\t\t\t\t\t<div class=\"qodef-m-play-text\">\n\t\t\t<span class=\"qodef-m-play-title\">\n\t\t\t\tOur story\t\t\t<\/span>\n\t\t\t\t<span class=\"qodef-m-play-subtitle\">\n\t\t\t\tGet to know our land\t\t\t<\/span>\n\t\t\t<\/div>\n\t\t\t<\/a>\n\n<\/div>[\/vc_column][\/vc_row][vc_row equal_height=&#8221;yes&#8221; row_content_width=&#8221;grid&#8221; content_text_alignment=&#8221;center&#8221; css=&#8221;.vc_custom_1605548991973{margin-top: 100px !important;margin-right: 0px !important;margin-left: 0px !important;background-image: url(https:\/\/arvad.pt\/wp-content\/uploads\/2020\/11\/bg_textura.jpg?id=5338) !important;background-position: center !important;background-repeat: no-repeat !important;background-size: cover !important;}&#8221;][vc_column parallax=&#8221;content-moving&#8221; width=&#8221;1\/2&#8243; css=&#8221;.vc_custom_1605005938478{padding-top: 20% !important;padding-right: 15% !important;padding-bottom: 20% !important;padding-left: 15% !important;}&#8221;]<div class=\"qodef-shortcode qodef-m qodef-section-title qodef-alignment--center\">\n\t\t<h3 class=\"qodef-m-title\" >\n\t\tGOLD MEDAL\t\t<\/h3>\n\t\t<p class=\"qodef-m-subtitle\" >F\u00f3rum de En\u00f3logos<\/p>\n\t\t<div class=\"qodef-m-text\" >In August 2020, the wine ``Arvad Ros\u00e9 2019`` received the approval and the Gold Medal in a tasting held by the prestigious F\u00f3rum de En\u00f3logos.<\/div>\n<\/div>[vc_empty_space height=&#8221;34px&#8221;][vc_single_image image=&#8221;5424&#8243; alignment=&#8221;center&#8221;][\/vc_column][vc_column parallax=&#8221;content-moving&#8221; parallax_image=&#8221;5041&#8243; width=&#8221;1\/2&#8243; css=&#8221;.vc_custom_1605088905426{margin-top: 0px !important;margin-right: 0px !important;margin-bottom: 0px !important;margin-left: 0px !important;padding-top: 0px !important;padding-right: 0px !important;padding-bottom: 0px !important;padding-left: 0px !important;background-position: center !important;background-repeat: no-repeat !important;background-size: cover !important;}&#8221; offset=&#8221;vc_hidden-xs&#8221;][\/vc_column][\/vc_row][vc_row row_content_width=&#8221;grid&#8221; css=&#8221;.vc_custom_1605089025581{padding-right: 5% !important;padding-left: 5% !important;}&#8221;][vc_column parallax=&#8221;content-moving&#8221; parallax_image=&#8221;5041&#8243; offset=&#8221;vc_hidden-lg vc_hidden-md vc_hidden-sm&#8221;][vc_empty_space height=&#8221;400px&#8221;][\/vc_column][\/vc_row][vc_row][vc_column][vc_empty_space height=&#8221;100px&#8221;][\/vc_column][\/vc_row]<\/p>\n","protected":false},"excerpt":{"rendered":"<p>[vc_row row_content_width=&#8221;grid&#8221; css=&#8221;.vc_custom_1569414181451{padding-top: 125px !important;padding-bottom: 14px !important;}&#8221;][vc_column][\/vc_column][\/vc_row][vc_row gap=&#8221;25&#8243; row_content_width=&#8221;grid&#8221;][vc_column css=&#8221;.vc_custom_1573571964675{padding-right: 16px !important;padding-left: 25% !important;}&#8221; offset=&#8221;vc_col-lg-6 vc_col-md-6&#8243; column_responsive_padding_680=&#8221;0 15px 0 15px&#8221; column_responsive_padding_1024=&#8221;0 16px 0 0&#8243; column_responsive_padding_768=&#8221;0 15px 0 15px&#8221;][vc_column_text] Arvad was born in 2016, on a property next to Arade river, overlooking Silves. There are fourteen hectares of land, exposed to the winds from the North, [&hellip;]<\/p>\n","protected":false},"author":1,"featured_media":0,"parent":0,"menu_order":0,"comment_status":"closed","ping_status":"closed","template":"page-full-width.php","meta":{"footnotes":""},"class_list":["post-5412","page","type-page","status-publish","hentry"],"yoast_head":"<!-- This site is optimized with the Yoast SEO plugin v26.7 - https:\/\/yoast.com\/wordpress\/plugins\/seo\/ -->\n<title>History - Arvad<\/title>\n<meta name=\"robots\" content=\"index, follow, max-snippet:-1, max-image-preview:large, max-video-preview:-1\" \/>\n<link rel=\"canonical\" href=\"https:\/\/arvad.pt\/en\/history\/\" \/>\n<meta property=\"og:locale\" content=\"en_US\" \/>\n<meta property=\"og:type\" content=\"article\" \/>\n<meta property=\"og:title\" content=\"History - Arvad\" \/>\n<meta property=\"og:description\" content=\"[vc_row row_content_width=&#8221;grid&#8221; css=&#8221;.vc_custom_1569414181451{padding-top: 125px !important;padding-bottom: 14px !important;}&#8221;][vc_column][\/vc_column][\/vc_row][vc_row gap=&#8221;25&#8243; row_content_width=&#8221;grid&#8221;][vc_column css=&#8221;.vc_custom_1573571964675{padding-right: 16px !important;padding-left: 25% !important;}&#8221; offset=&#8221;vc_col-lg-6 vc_col-md-6&#8243; column_responsive_padding_680=&#8221;0 15px 0 15px&#8221; column_responsive_padding_1024=&#8221;0 16px 0 0&#8243; column_responsive_padding_768=&#8221;0 15px 0 15px&#8221;][vc_column_text] Arvad was born in 2016, on a property next to Arade river, overlooking Silves. There are fourteen hectares of land, exposed to the winds from the North, [&hellip;]\" \/>\n<meta property=\"og:url\" content=\"https:\/\/arvad.pt\/en\/history\/\" \/>\n<meta property=\"og:site_name\" content=\"Arvad\" \/>\n<meta property=\"article:publisher\" content=\"https:\/\/www.facebook.com\/arvadwine\/\" \/>\n<meta property=\"article:modified_time\" content=\"2024-11-05T13:33:51+00:00\" \/>\n<meta name=\"twitter:card\" content=\"summary_large_image\" \/>\n<meta name=\"twitter:label1\" content=\"Est. reading time\" \/>\n\t<meta name=\"twitter:data1\" content=\"3 minutes\" \/>\n<script type=\"application\/ld+json\" class=\"yoast-schema-graph\">{\"@context\":\"https:\/\/schema.org\",\"@graph\":[{\"@type\":\"WebPage\",\"@id\":\"https:\/\/arvad.pt\/en\/history\/\",\"url\":\"https:\/\/arvad.pt\/en\/history\/\",\"name\":\"History - Arvad\",\"isPartOf\":{\"@id\":\"https:\/\/arvad.pt\/en\/#website\"},\"datePublished\":\"2021-03-30T14:06:47+00:00\",\"dateModified\":\"2024-11-05T13:33:51+00:00\",\"breadcrumb\":{\"@id\":\"https:\/\/arvad.pt\/en\/history\/#breadcrumb\"},\"inLanguage\":\"en-US\",\"potentialAction\":[{\"@type\":\"ReadAction\",\"target\":[\"https:\/\/arvad.pt\/en\/history\/\"]}]},{\"@type\":\"BreadcrumbList\",\"@id\":\"https:\/\/arvad.pt\/en\/history\/#breadcrumb\",\"itemListElement\":[{\"@type\":\"ListItem\",\"position\":1,\"name\":\"In\u00edcio\",\"item\":\"https:\/\/arvad.tempurl.host\/en\/arvad-homepage\/\"},{\"@type\":\"ListItem\",\"position\":2,\"name\":\"History\"}]},{\"@type\":\"WebSite\",\"@id\":\"https:\/\/arvad.pt\/en\/#website\",\"url\":\"https:\/\/arvad.pt\/en\/\",\"name\":\"Arvad\",\"description\":\"Vinhos do Algarve\",\"publisher\":{\"@id\":\"https:\/\/arvad.pt\/en\/#organization\"},\"potentialAction\":[{\"@type\":\"SearchAction\",\"target\":{\"@type\":\"EntryPoint\",\"urlTemplate\":\"https:\/\/arvad.pt\/en\/?s={search_term_string}\"},\"query-input\":{\"@type\":\"PropertyValueSpecification\",\"valueRequired\":true,\"valueName\":\"search_term_string\"}}],\"inLanguage\":\"en-US\"},{\"@type\":\"Organization\",\"@id\":\"https:\/\/arvad.pt\/en\/#organization\",\"name\":\"Arvad Wines\",\"url\":\"https:\/\/arvad.pt\/en\/\",\"logo\":{\"@type\":\"ImageObject\",\"inLanguage\":\"en-US\",\"@id\":\"https:\/\/arvad.pt\/en\/#\/schema\/logo\/image\/\",\"url\":\"https:\/\/arvad.pt\/wp-content\/uploads\/2020\/11\/vinho-rose.jpg\",\"contentUrl\":\"https:\/\/arvad.pt\/wp-content\/uploads\/2020\/11\/vinho-rose.jpg\",\"width\":800,\"height\":1406,\"caption\":\"Arvad Wines\"},\"image\":{\"@id\":\"https:\/\/arvad.pt\/en\/#\/schema\/logo\/image\/\"},\"sameAs\":[\"https:\/\/www.facebook.com\/arvadwine\/\",\"https:\/\/www.instagram.com\/arvad_wine\/\"]}]}<\/script>\n<!-- \/ Yoast SEO plugin. -->","yoast_head_json":{"title":"History - Arvad","robots":{"index":"index","follow":"follow","max-snippet":"max-snippet:-1","max-image-preview":"max-image-preview:large","max-video-preview":"max-video-preview:-1"},"canonical":"https:\/\/arvad.pt\/en\/history\/","og_locale":"en_US","og_type":"article","og_title":"History - Arvad","og_description":"[vc_row row_content_width=&#8221;grid&#8221; css=&#8221;.vc_custom_1569414181451{padding-top: 125px !important;padding-bottom: 14px !important;}&#8221;][vc_column][\/vc_column][\/vc_row][vc_row gap=&#8221;25&#8243; row_content_width=&#8221;grid&#8221;][vc_column css=&#8221;.vc_custom_1573571964675{padding-right: 16px !important;padding-left: 25% !important;}&#8221; offset=&#8221;vc_col-lg-6 vc_col-md-6&#8243; column_responsive_padding_680=&#8221;0 15px 0 15px&#8221; column_responsive_padding_1024=&#8221;0 16px 0 0&#8243; column_responsive_padding_768=&#8221;0 15px 0 15px&#8221;][vc_column_text] Arvad was born in 2016, on a property next to Arade river, overlooking Silves. There are fourteen hectares of land, exposed to the winds from the North, [&hellip;]","og_url":"https:\/\/arvad.pt\/en\/history\/","og_site_name":"Arvad","article_publisher":"https:\/\/www.facebook.com\/arvadwine\/","article_modified_time":"2024-11-05T13:33:51+00:00","twitter_card":"summary_large_image","twitter_misc":{"Est. reading time":"3 minutes"},"schema":{"@context":"https:\/\/schema.org","@graph":[{"@type":"WebPage","@id":"https:\/\/arvad.pt\/en\/history\/","url":"https:\/\/arvad.pt\/en\/history\/","name":"History - Arvad","isPartOf":{"@id":"https:\/\/arvad.pt\/en\/#website"},"datePublished":"2021-03-30T14:06:47+00:00","dateModified":"2024-11-05T13:33:51+00:00","breadcrumb":{"@id":"https:\/\/arvad.pt\/en\/history\/#breadcrumb"},"inLanguage":"en-US","potentialAction":[{"@type":"ReadAction","target":["https:\/\/arvad.pt\/en\/history\/"]}]},{"@type":"BreadcrumbList","@id":"https:\/\/arvad.pt\/en\/history\/#breadcrumb","itemListElement":[{"@type":"ListItem","position":1,"name":"In\u00edcio","item":"https:\/\/arvad.tempurl.host\/en\/arvad-homepage\/"},{"@type":"ListItem","position":2,"name":"History"}]},{"@type":"WebSite","@id":"https:\/\/arvad.pt\/en\/#website","url":"https:\/\/arvad.pt\/en\/","name":"Arvad","description":"Vinhos do Algarve","publisher":{"@id":"https:\/\/arvad.pt\/en\/#organization"},"potentialAction":[{"@type":"SearchAction","target":{"@type":"EntryPoint","urlTemplate":"https:\/\/arvad.pt\/en\/?s={search_term_string}"},"query-input":{"@type":"PropertyValueSpecification","valueRequired":true,"valueName":"search_term_string"}}],"inLanguage":"en-US"},{"@type":"Organization","@id":"https:\/\/arvad.pt\/en\/#organization","name":"Arvad Wines","url":"https:\/\/arvad.pt\/en\/","logo":{"@type":"ImageObject","inLanguage":"en-US","@id":"https:\/\/arvad.pt\/en\/#\/schema\/logo\/image\/","url":"https:\/\/arvad.pt\/wp-content\/uploads\/2020\/11\/vinho-rose.jpg","contentUrl":"https:\/\/arvad.pt\/wp-content\/uploads\/2020\/11\/vinho-rose.jpg","width":800,"height":1406,"caption":"Arvad Wines"},"image":{"@id":"https:\/\/arvad.pt\/en\/#\/schema\/logo\/image\/"},"sameAs":["https:\/\/www.facebook.com\/arvadwine\/","https:\/\/www.instagram.com\/arvad_wine\/"]}]}},"_links":{"self":[{"href":"https:\/\/arvad.pt\/en\/wp-json\/wp\/v2\/pages\/5412","targetHints":{"allow":["GET"]}}],"collection":[{"href":"https:\/\/arvad.pt\/en\/wp-json\/wp\/v2\/pages"}],"about":[{"href":"https:\/\/arvad.pt\/en\/wp-json\/wp\/v2\/types\/page"}],"author":[{"embeddable":true,"href":"https:\/\/arvad.pt\/en\/wp-json\/wp\/v2\/users\/1"}],"replies":[{"embeddable":true,"href":"https:\/\/arvad.pt\/en\/wp-json\/wp\/v2\/comments?post=5412"}],"version-history":[{"count":0,"href":"https:\/\/arvad.pt\/en\/wp-json\/wp\/v2\/pages\/5412\/revisions"}],"wp:attachment":[{"href":"https:\/\/arvad.pt\/en\/wp-json\/wp\/v2\/media?parent=5412"}],"curies":[{"name":"wp","href":"https:\/\/api.w.org\/{rel}","templated":true}]}}